{"id":51,"date":"2023-01-25T10:51:58","date_gmt":"2023-01-25T09:51:58","guid":{"rendered":"https:\/\/www.biic.sk\/?page_id=51"},"modified":"2025-09-25T11:46:35","modified_gmt":"2025-09-25T09:46:35","slug":"mesmerize","status":"publish","type":"page","link":"https:\/\/www.biic.sk\/","title":{"rendered":"Front Page"},"content":{"rendered":"<div  id=\"features-3\" style=\"background-color: rgb(255, 255, 255); background-image: none;\" data-label=\"Features\" data-id=\"features-12-card-bordered\" data-export-id=\"features-12-card-bordered\" data-category=\"features\" class=\"features-12-card-bordered content-section content-section-spacing \"><div  class=\"gridContainer\"> <div  class=\"row text-center\"><div  class=\"section-title-col\" data-type=\"column\"> <h2  class=\"\">Our mottos:<\/h2> <\/div> <\/div> <div  class=\"row spaced-cols\" data-type=\"row\"> <div  class=\"col-sm-6\"> <div  class=\"card row-card bordered y-move\"> <div  class=\"row\"> <div  class=\"col-sm-fit icon-column\"> <i  class=\"fa icon color2 fa-book bordered round\"><\/i> <\/div> <div  class=\"col-sm\" data-type=\"column\"> <h5  class=\"color2\">PUBLICATION<\/h5> <p  class=\"\">\u201c Education breeds confidence. Confidence breeds hope. Hope breeds peace.\u201c<\/p><\/div> <\/div><\/div> <\/div> <div  class=\"col-sm-6\"> <div  class=\"card row-card bordered y-move\"> <div  class=\"row\"> <div  class=\"col-sm-fit icon-column\"> <i  class=\"fa icon color2 fa-group bordered round\"><\/i> <\/div> <div  class=\"col-sm\" data-type=\"column\"> <h5  class=\"color2\">ABOUT US<\/h5> <p  class=\"\">\u201e A single sunbeam is enough to drive away many shadows.\u201c<\/p><\/div> <\/div><\/div> <\/div> <div  class=\"col-sm-6\"> <div  class=\"card row-card bordered y-move\"> <div  class=\"row\"> <div  class=\"col-sm-fit icon-column\"> <i  class=\"fa icon color2 fa-search bordered round\"><\/i> <\/div> <div  class=\"col-sm\" data-type=\"column\"> <h5  class=\"color2\">AIMS<\/h5> <p  class=\"\">\u201e Details matter, it\u2019s worth waiting to get it right.\u201c<\/p><\/div> <\/div><\/div> <\/div> <div  class=\"col-sm-6\"> <div  class=\"card row-card bordered y-move\"> <div  class=\"row\"> <div  class=\"col-sm-fit icon-column\"> <i  class=\"fa icon color2 fa-handshake-o bordered round\"><\/i> <\/div> <div  class=\"col-sm\" data-type=\"column\"> <h5  class=\"color2\">CONFERENCE<\/h5> <p  class=\"\">\u201eThere is a tremendous amount of craftsmanship between a great idea and a great product.\u201c<\/p><\/div> <\/div><\/div> <\/div><\/div> <\/div><\/div><div  id=\"cta-1\" data-label=\"Cta\" data-id=\"cta-blue-section\" data-export-id=\"cta-blue-section\" data-category=\"cta\" class=\"cta-blue-section content-section content-section-spacing-medium bg-color1 white-text\"><div  class=\"gridContainer\"> <div  class=\"row middle-xs\"><div  class=\"col-sm-8 space-bottom-xs\" data-type=\"column\"> <h2  class=\"\">Join us! <span  class=\"font-300\">See our contact<\/span><\/h2> <\/div> <div  class=\"col-sm-4 end-sm\" data-type=\"column\"> <a  class=\"button color2\" href=\"https:\/\/www.biic.sk?page_id=142\" target=\"_self\" data-cp-link=\"1\" rel=\"noopener\">GET STARTED TODAY<\/a><\/div> <\/div><\/div> <\/div><div  id=\"team-2\" style=\"background-color: #ffffff;\" data-label=\"Team\" data-id=\"team-2\" data-export-id=\"team-2\" data-category=\"team\" class=\"team-2 content-section content-section-spacing\"><div  class=\"gridContainer\"> <div  class=\"row text-center\"><div  class=\"section-title-col\" data-type=\"column\"> <h2  class=\"\">About CEO<\/h2> <\/div> <\/div> <div  class=\"row spaced-cols content-center-sm center-sm\" data-type=\"row\">        <div  class=\"col-sm-6 col-md-3\"> <div  class=\"card y-move no-padding bordered\"> <img  decoding=\"async\" class=\"face\" src=\"https:\/\/www.biic.sk\/wp-content\/uploads\/2023\/01\/cropped-bidulsky.jpg\" title=\"cropped-bidulsky.jpg\" alt=\"\"> <div  data-type=\"column\" class=\"col-padding-small col-padding-small-xs description-container\"> <h4  class=\"font-500\">Doc. Ing. R\u00f3bert Bidulsk\u00fd, PhD., associate professor<\/h4> <p  class=\"small\" style=\"font-style: italic;\">CEO\n<br ><br >director@biic.sk<\/p> <div  class=\"social-icons-group\" data-type=\"group\"> <a  href=\"#\" target=\"_self\" data-reiki-hidden=\"true\" rel=\"noopener\"><i  class=\"gray fa icon fa-facebook-square\"><\/i><\/a> <a  href=\"#\" target=\"_self\" data-reiki-hidden=\"true\" rel=\"noopener\"><i  class=\"gray fa icon fa-twitter-square\"><\/i><\/a> <a  href=\"https:\/\/sk.linkedin.com\/in\/robert-bidulsky-142b591a1\" target=\"_self\" rel=\"noopener\" class=\"\"><i  class=\"gray fa icon fa-linkedin-square\"><\/i><\/a> <a  href=\"https:\/\/www.biic.sk\/robert.bidulsky@gmail.com\" target=\"_self\" data-reiki-hidden=\"true\" rel=\"noopener\"><i  class=\"gray fa icon fa-google-plus-square\"><\/i><\/a><\/div> <\/div><\/div> <\/div><\/div> <\/div><\/div><div  id=\"latest-news-1\" style=\"background-color: #f5fafd;\" data-label=\"Latest-news\" data-id=\"blog-section\" data-export-id=\"blog-section\" data-category=\"latest_news\" class=\"blog-section blog-section-standard content-section content-section-spacing\"><div  class=\"gridContainer\"> <div  class=\"row\"><div  data-type=\"column\" class=\"section-title-col\"> <h2  class=\"\">Latests News<\/h2> <\/div> <\/div> <div  class=\"row\"> <div  data-type=\"row\" data-dynamic-columns=\"handled\" data-content-shortcode=\"mesmerize_latest_news\">\t\t<div class=\"row center-sm content-left-sm\">\n\t\t\t\t\t<div id=\"post-1\" class=\"col-sm-6 col-md-4 space-bottom space-bottom-xs\">\n\t\t\t\t<div class=\"post-content card y-move bordered\">\n\t\t\t\t\t<div class=\"post-thumbnail\">\n   <a href=\"https:\/\/www.biic.sk\/?p=1\" class=\"post-list-item-thumb \">\n      \n            <svg class=\"mesmerize-post-list-item-thumb-placeholder\" width=\"890\" height=\"580\" viewBox=\"0 0 890 580\"\n         preserveAspectRatio=\"none\">\n         <rect width=\"890\" height=\"580\" style=\"fill:#FF9800;\"><\/rect>\n      <\/svg>\n               <\/a>\n<\/div>\n\t\t\t\t\t<div class=\"col-padding col-padding-xs\">\n\t\t\t\t\t\t<h3 class=\"post-title space-bottom-small\">\n\t\t\t\t\t\t\t<a href=\"https:\/\/www.biic.sk\/?p=1\" rel=\"bookmark\">\n\t\t\t\t\t\t\t\tNews\t\t\t\t\t\t\t<\/a>\n\t\t\t\t\t\t<\/h3>\n\t\t\t\t\t\t<p>Our last results! Ka\u0161\u010d\u00e1k, \u013d.; Varga, J.; Bidulsk\u00e1, J.; Bidulsk\u00fd, R. Simulation of 316L Stainless Steel Produced the Laser Powder Bed Fusion Process. Materials 2023, 16, 7653. https:\/\/doi.org\/10.3390\/ma16247653. Ka\u0161\u010d\u00e1k, \u013d.;[&hellip;]<\/p>\n\t\t\t\t\t\t<a class=\"read-more link\" href=\"https:\/\/www.biic.sk\/?p=1\">\n\t\t\t\t\t\t\tRead more\t\t\t\t\t\t<\/a>\n\t\t\t\t\t<\/div>\n\t\t\t\t<\/div>\n\t\t\t<\/div>\n\t\t\t\t<\/div>\n\t<\/div><\/div> <div  class=\"row\"><div  class=\"text-center\"> <a  class=\"button color1\" data-attr-shortcode=\"href:mesmerize_blog_link\" href=\"https:\/\/www.biic.sk\/?page_id=52\">SEE ALL NEWS<\/a><\/div> <\/div><\/div><\/div><div  id=\"contact-1\" data-label=\"Contact\" data-id=\"contact-1\" data-export-id=\"contact-1\" data-category=\"contact\" class=\"contact-1 content-section content-section-spacing white-text\" data-parallax-depth=\"20\" style=\"background-image: url(&quot;https:\/\/www.biic.sk\/wp-content\/uploads\/2023\/01\/06-news-steel1_2.jpg&quot;); background-size: cover; background-position: center top;\"><div  class=\"gridContainer\"> <div  class=\"row text-center\"><div  class=\"section-title-col\" data-type=\"column\"> <h2  class=\"\">Contact us<\/h2> <p  class=\"lead\">With the Internet spreading linke wildfire and reaching every part of our daily life, more and more traffic is directed to websites in search for information.<\/p><\/div> <\/div> <div  class=\"row text-center\"> <div  class=\"col-xs-12 col-sm-8 col-sm-offset-2 contact-form-wrapper inline-info\"> <div  class=\"card large-padding\"> <div  class=\"\" data-content-shortcode=\"mesmerize_contact_form shortcode=&quot;contact-form-7 id=&amp;amp;quot;100&amp;amp;quot; title=&amp;amp;quot;Kontaktn\u00fd formul\u00e1r 1&amp;amp;quot;&quot;\" data-editable=\"true\">\n<div class=\"wpcf7 no-js\" id=\"wpcf7-f100-o1\" lang=\"sk-SK\" dir=\"ltr\" data-wpcf7-id=\"100\">\n<div class=\"screen-reader-response\"><p role=\"status\" aria-live=\"polite\" aria-atomic=\"true\"><\/p> <ul><\/ul><\/div>\n<form action=\"\/index.php?rest_route=%2Fwp%2Fv2%2Fpages%2F51#wpcf7-f100-o1\" method=\"post\" class=\"wpcf7-form init\" aria-label=\"Kontaktn\u00fd formul\u00e1r\" novalidate=\"novalidate\" data-status=\"init\">\n<fieldset class=\"hidden-fields-container\"><input type=\"hidden\" name=\"_wpcf7\" value=\"100\" \/><input type=\"hidden\" name=\"_wpcf7_version\" value=\"6.1.5\" \/><input type=\"hidden\" name=\"_wpcf7_locale\" value=\"sk_SK\" \/><input type=\"hidden\" name=\"_wpcf7_unit_tag\" value=\"wpcf7-f100-o1\" \/><input type=\"hidden\" name=\"_wpcf7_container_post\" value=\"0\" \/><input type=\"hidden\" name=\"_wpcf7_posted_data_hash\" value=\"\" \/><input type=\"hidden\" name=\"_wpcf7_recaptcha_response\" value=\"\" \/>\n<\/fieldset>\n<p><label> Your name<br \/>\n<span class=\"wpcf7-form-control-wrap\" data-name=\"your-name\"><input size=\"40\" maxlength=\"400\" class=\"wpcf7-form-control wpcf7-text wpcf7-validates-as-required\" autocomplete=\"name\" aria-required=\"true\" aria-invalid=\"false\" value=\"\" type=\"text\" name=\"your-name\" \/><\/span> <\/label>\n<\/p>\n<p><label> Your email<br \/>\n<span class=\"wpcf7-form-control-wrap\" data-name=\"your-email\"><input size=\"40\" maxlength=\"400\" class=\"wpcf7-form-control wpcf7-email wpcf7-validates-as-required wpcf7-text wpcf7-validates-as-email\" autocomplete=\"email\" aria-required=\"true\" aria-invalid=\"false\" value=\"\" type=\"email\" name=\"your-email\" \/><\/span> <\/label>\n<\/p>\n<p><label> Subject<br \/>\n<span class=\"wpcf7-form-control-wrap\" data-name=\"your-subject\"><input size=\"40\" maxlength=\"400\" class=\"wpcf7-form-control wpcf7-text wpcf7-validates-as-required\" aria-required=\"true\" aria-invalid=\"false\" value=\"\" type=\"text\" name=\"your-subject\" \/><\/span> <\/label>\n<\/p>\n<p><label> Your message (volite\u013en\u00e9)<br \/>\n<span class=\"wpcf7-form-control-wrap\" data-name=\"your-message\"><textarea cols=\"40\" rows=\"10\" maxlength=\"2000\" class=\"wpcf7-form-control wpcf7-textarea\" aria-invalid=\"false\" name=\"your-message\"><\/textarea><\/span> <\/label>\n<\/p>\n<p><input class=\"wpcf7-form-control wpcf7-submit has-spinner\" type=\"submit\" value=\"Sent\" \/>\n<\/p><div class=\"wpcf7-response-output\" aria-hidden=\"true\"><\/div>\n<\/form>\n<\/div>\n<\/div><\/div> <\/div><\/div> <\/div><\/div>","protected":false},"excerpt":{"rendered":"<p>Our mottos: PUBLICATION \u201c Education breeds confidence. Confidence breeds hope. Hope breeds peace.\u201c ABOUT US \u201e A single sunbeam is enough to drive away many shadows.\u201c AIMS \u201e Details matter, it\u2019s worth waiting to get it right.\u201c CONFERENCE \u201eThere is a tremendous amount of craftsmanship between a great idea and a great product.\u201c Join us!&hellip; <br \/> <a class=\"read-more\" href=\"https:\/\/www.biic.sk\/?p=1\">Read more<\/a><\/p>\n","protected":false},"author":1,"featured_media":0,"parent":0,"menu_order":0,"comment_status":"closed","ping_status":"closed","template":"page-templates\/homepage.php","meta":{"_monsterinsights_skip_tracking":false,"_monsterinsights_sitenote_active":false,"_monsterinsights_sitenote_note":"","_monsterinsights_sitenote_category":0,"footnotes":""},"class_list":["post-51","page","type-page","status-publish","hentry"],"yoast_head":"<!-- This site is optimized with the Yoast SEO plugin v27.4 - https:\/\/yoast.com\/product\/yoast-seo-wordpress\/ -->\n<title>Front Page - Bodva Industry and Innovation Cluster<\/title>\n<meta name=\"robots\" content=\"index, follow, max-snippet:-1, max-image-preview:large, max-video-preview:-1\" \/>\n<link rel=\"canonical\" href=\"https:\/\/www.biic.sk\/\" \/>\n<meta property=\"og:locale\" content=\"sk_SK\" \/>\n<meta property=\"og:type\" content=\"article\" \/>\n<meta property=\"og:title\" content=\"Front Page - Bodva Industry and Innovation Cluster\" \/>\n<meta property=\"og:description\" content=\"Our mottos: PUBLICATION \u201c Education breeds confidence. Confidence breeds hope. Hope breeds peace.\u201c ABOUT US \u201e A single sunbeam is enough to drive away many shadows.\u201c AIMS \u201e Details matter, it\u2019s worth waiting to get it right.\u201c CONFERENCE \u201eThere is a tremendous amount of craftsmanship between a great idea and a great product.\u201c Join us!&hellip; Read more\" \/>\n<meta property=\"og:url\" content=\"https:\/\/www.biic.sk\/\" \/>\n<meta property=\"og:site_name\" content=\"Bodva Industry and Innovation Cluster\" \/>\n<meta property=\"article:modified_time\" content=\"2025-09-25T09:46:35+00:00\" \/>\n<meta property=\"og:image\" content=\"https:\/\/www.biic.sk\/wp-content\/uploads\/2023\/01\/cropped-bidulsky.jpg\" \/>\n<meta name=\"twitter:card\" content=\"summary_large_image\" \/>\n<meta name=\"twitter:label1\" content=\"Predpokladan\u00fd \u010das \u010d\u00edtania\" \/>\n\t<meta name=\"twitter:data1\" content=\"1 min\u00fata\" \/>\n<script type=\"application\/ld+json\" class=\"yoast-schema-graph\">{\"@context\":\"https:\\\/\\\/schema.org\",\"@graph\":[{\"@type\":\"WebPage\",\"@id\":\"https:\\\/\\\/www.biic.sk\\\/\",\"url\":\"https:\\\/\\\/www.biic.sk\\\/\",\"name\":\"Front Page - Bodva Industry and Innovation Cluster\",\"isPartOf\":{\"@id\":\"https:\\\/\\\/www.biic.sk\\\/#website\"},\"primaryImageOfPage\":{\"@id\":\"https:\\\/\\\/www.biic.sk\\\/#primaryimage\"},\"image\":{\"@id\":\"https:\\\/\\\/www.biic.sk\\\/#primaryimage\"},\"thumbnailUrl\":\"https:\\\/\\\/www.biic.sk\\\/wp-content\\\/uploads\\\/2023\\\/01\\\/cropped-bidulsky.jpg\",\"datePublished\":\"2023-01-25T09:51:58+00:00\",\"dateModified\":\"2025-09-25T09:46:35+00:00\",\"breadcrumb\":{\"@id\":\"https:\\\/\\\/www.biic.sk\\\/#breadcrumb\"},\"inLanguage\":\"sk-SK\",\"potentialAction\":[{\"@type\":\"ReadAction\",\"target\":[\"https:\\\/\\\/www.biic.sk\\\/\"]}]},{\"@type\":\"ImageObject\",\"inLanguage\":\"sk-SK\",\"@id\":\"https:\\\/\\\/www.biic.sk\\\/#primaryimage\",\"url\":\"https:\\\/\\\/www.biic.sk\\\/wp-content\\\/uploads\\\/2023\\\/01\\\/cropped-bidulsky.jpg\",\"contentUrl\":\"https:\\\/\\\/www.biic.sk\\\/wp-content\\\/uploads\\\/2023\\\/01\\\/cropped-bidulsky.jpg\",\"width\":748,\"height\":748},{\"@type\":\"BreadcrumbList\",\"@id\":\"https:\\\/\\\/www.biic.sk\\\/#breadcrumb\",\"itemListElement\":[{\"@type\":\"ListItem\",\"position\":1,\"name\":\"Home\",\"item\":\"https:\\\/\\\/www.biic.sk\\\/\"},{\"@type\":\"ListItem\",\"position\":2,\"name\":\"Front Page\"}]},{\"@type\":\"WebSite\",\"@id\":\"https:\\\/\\\/www.biic.sk\\\/#website\",\"url\":\"https:\\\/\\\/www.biic.sk\\\/\",\"name\":\"Bodva Industry and Innovation Cluster\",\"description\":\"Bodva Industry and Innovation Cluster\",\"publisher\":{\"@id\":\"https:\\\/\\\/www.biic.sk\\\/#organization\"},\"potentialAction\":[{\"@type\":\"SearchAction\",\"target\":{\"@type\":\"EntryPoint\",\"urlTemplate\":\"https:\\\/\\\/www.biic.sk\\\/?s={search_term_string}\"},\"query-input\":{\"@type\":\"PropertyValueSpecification\",\"valueRequired\":true,\"valueName\":\"search_term_string\"}}],\"inLanguage\":\"sk-SK\"},{\"@type\":\"Organization\",\"@id\":\"https:\\\/\\\/www.biic.sk\\\/#organization\",\"name\":\"Bodva Industry and Innovation Cluster\",\"url\":\"https:\\\/\\\/www.biic.sk\\\/\",\"logo\":{\"@type\":\"ImageObject\",\"inLanguage\":\"sk-SK\",\"@id\":\"https:\\\/\\\/www.biic.sk\\\/#\\\/schema\\\/logo\\\/image\\\/\",\"url\":\"https:\\\/\\\/www.biic.sk\\\/wp-content\\\/uploads\\\/2023\\\/01\\\/cropped-logo2.jpg\",\"contentUrl\":\"https:\\\/\\\/www.biic.sk\\\/wp-content\\\/uploads\\\/2023\\\/01\\\/cropped-logo2.jpg\",\"width\":240,\"height\":117,\"caption\":\"Bodva Industry and Innovation Cluster\"},\"image\":{\"@id\":\"https:\\\/\\\/www.biic.sk\\\/#\\\/schema\\\/logo\\\/image\\\/\"}}]}<\/script>\n<!-- \/ Yoast SEO plugin. -->","yoast_head_json":{"title":"Front Page - Bodva Industry and Innovation Cluster","robots":{"index":"index","follow":"follow","max-snippet":"max-snippet:-1","max-image-preview":"max-image-preview:large","max-video-preview":"max-video-preview:-1"},"canonical":"https:\/\/www.biic.sk\/","og_locale":"sk_SK","og_type":"article","og_title":"Front Page - Bodva Industry and Innovation Cluster","og_description":"Our mottos: PUBLICATION \u201c Education breeds confidence. Confidence breeds hope. Hope breeds peace.\u201c ABOUT US \u201e A single sunbeam is enough to drive away many shadows.\u201c AIMS \u201e Details matter, it\u2019s worth waiting to get it right.\u201c CONFERENCE \u201eThere is a tremendous amount of craftsmanship between a great idea and a great product.\u201c Join us!&hellip; Read more","og_url":"https:\/\/www.biic.sk\/","og_site_name":"Bodva Industry and Innovation Cluster","article_modified_time":"2025-09-25T09:46:35+00:00","og_image":[{"url":"https:\/\/www.biic.sk\/wp-content\/uploads\/2023\/01\/cropped-bidulsky.jpg","type":"","width":"","height":""}],"twitter_card":"summary_large_image","twitter_misc":{"Predpokladan\u00fd \u010das \u010d\u00edtania":"1 min\u00fata"},"schema":{"@context":"https:\/\/schema.org","@graph":[{"@type":"WebPage","@id":"https:\/\/www.biic.sk\/","url":"https:\/\/www.biic.sk\/","name":"Front Page - Bodva Industry and Innovation Cluster","isPartOf":{"@id":"https:\/\/www.biic.sk\/#website"},"primaryImageOfPage":{"@id":"https:\/\/www.biic.sk\/#primaryimage"},"image":{"@id":"https:\/\/www.biic.sk\/#primaryimage"},"thumbnailUrl":"https:\/\/www.biic.sk\/wp-content\/uploads\/2023\/01\/cropped-bidulsky.jpg","datePublished":"2023-01-25T09:51:58+00:00","dateModified":"2025-09-25T09:46:35+00:00","breadcrumb":{"@id":"https:\/\/www.biic.sk\/#breadcrumb"},"inLanguage":"sk-SK","potentialAction":[{"@type":"ReadAction","target":["https:\/\/www.biic.sk\/"]}]},{"@type":"ImageObject","inLanguage":"sk-SK","@id":"https:\/\/www.biic.sk\/#primaryimage","url":"https:\/\/www.biic.sk\/wp-content\/uploads\/2023\/01\/cropped-bidulsky.jpg","contentUrl":"https:\/\/www.biic.sk\/wp-content\/uploads\/2023\/01\/cropped-bidulsky.jpg","width":748,"height":748},{"@type":"BreadcrumbList","@id":"https:\/\/www.biic.sk\/#breadcrumb","itemListElement":[{"@type":"ListItem","position":1,"name":"Home","item":"https:\/\/www.biic.sk\/"},{"@type":"ListItem","position":2,"name":"Front Page"}]},{"@type":"WebSite","@id":"https:\/\/www.biic.sk\/#website","url":"https:\/\/www.biic.sk\/","name":"Bodva Industry and Innovation Cluster","description":"Bodva Industry and Innovation Cluster","publisher":{"@id":"https:\/\/www.biic.sk\/#organization"},"potentialAction":[{"@type":"SearchAction","target":{"@type":"EntryPoint","urlTemplate":"https:\/\/www.biic.sk\/?s={search_term_string}"},"query-input":{"@type":"PropertyValueSpecification","valueRequired":true,"valueName":"search_term_string"}}],"inLanguage":"sk-SK"},{"@type":"Organization","@id":"https:\/\/www.biic.sk\/#organization","name":"Bodva Industry and Innovation Cluster","url":"https:\/\/www.biic.sk\/","logo":{"@type":"ImageObject","inLanguage":"sk-SK","@id":"https:\/\/www.biic.sk\/#\/schema\/logo\/image\/","url":"https:\/\/www.biic.sk\/wp-content\/uploads\/2023\/01\/cropped-logo2.jpg","contentUrl":"https:\/\/www.biic.sk\/wp-content\/uploads\/2023\/01\/cropped-logo2.jpg","width":240,"height":117,"caption":"Bodva Industry and Innovation Cluster"},"image":{"@id":"https:\/\/www.biic.sk\/#\/schema\/logo\/image\/"}}]}},"_links":{"self":[{"href":"https:\/\/www.biic.sk\/index.php?rest_route=\/wp\/v2\/pages\/51","targetHints":{"allow":["GET"]}}],"collection":[{"href":"https:\/\/www.biic.sk\/index.php?rest_route=\/wp\/v2\/pages"}],"about":[{"href":"https:\/\/www.biic.sk\/index.php?rest_route=\/wp\/v2\/types\/page"}],"author":[{"embeddable":true,"href":"https:\/\/www.biic.sk\/index.php?rest_route=\/wp\/v2\/users\/1"}],"replies":[{"embeddable":true,"href":"https:\/\/www.biic.sk\/index.php?rest_route=%2Fwp%2Fv2%2Fcomments&post=51"}],"version-history":[{"count":6,"href":"https:\/\/www.biic.sk\/index.php?rest_route=\/wp\/v2\/pages\/51\/revisions"}],"predecessor-version":[{"id":478,"href":"https:\/\/www.biic.sk\/index.php?rest_route=\/wp\/v2\/pages\/51\/revisions\/478"}],"wp:attachment":[{"href":"https:\/\/www.biic.sk\/index.php?rest_route=%2Fwp%2Fv2%2Fmedia&parent=51"}],"curies":[{"name":"wp","href":"https:\/\/api.w.org\/{rel}","templated":true}]}}