{"id":22,"date":"2023-01-25T10:25:23","date_gmt":"2023-01-25T09:25:23","guid":{"rendered":"https:\/\/www.biic.sk\/?page_id=22"},"modified":"2023-01-25T14:36:25","modified_gmt":"2023-01-25T13:36:25","slug":"applied-technologies","status":"publish","type":"page","link":"https:\/\/www.biic.sk\/?page_id=22","title":{"rendered":"Applied technologies"},"content":{"rendered":"\n<div class=\"wp-block-media-text alignwide is-stacked-on-mobile\" style=\"grid-template-columns:26% auto\"><figure class=\"wp-block-media-text__media\"><img loading=\"lazy\" decoding=\"async\" width=\"300\" height=\"212\" src=\"https:\/\/www.biic.sk\/wp-content\/uploads\/2023\/01\/Digital-Transformation-Image-1-300x212-1.jpg\" alt=\"\" class=\"wp-image-133 size-full\"\/><\/figure><div class=\"wp-block-media-text__content\">\n<h4 class=\"wp-block-heading\">1. Advance technology for making actuator S-30 and S-40 using aluminium composites<\/h4>\n\n\n\n<h4 class=\"wp-block-heading\">2. Hot and cold severe plastic deformations (ECAP and ECAR)<\/h4>\n\n\n\n<h4 class=\"wp-block-heading\">3. Trochoidal piston of Wankel motor: Replacement of stainless steel by Al alloy composites<\/h4>\n\n\n\n<h4 class=\"wp-block-heading\">4. Antifriction inserts to gearbox: Replacement of sliding bearings<\/h4>\n<\/div><\/div>\n","protected":false},"excerpt":{"rendered":"<p>1. Advance technology for making actuator S-30 and S-40 using aluminium composites 2. Hot and cold severe plastic deformations (ECAP and ECAR) 3. Trochoidal piston of Wankel motor: Replacement of stainless steel by Al alloy composites 4. Antifriction inserts to gearbox: Replacement of sliding bearings<\/p>\n","protected":false},"author":1,"featured_media":0,"parent":0,"menu_order":0,"comment_status":"closed","ping_status":"closed","template":"","meta":{"_monsterinsights_skip_tracking":false,"_monsterinsights_sitenote_active":false,"_monsterinsights_sitenote_note":"","_monsterinsights_sitenote_category":0,"footnotes":""},"class_list":["post-22","page","type-page","status-publish","hentry"],"yoast_head":"<!-- This site is optimized with the Yoast SEO plugin v27.4 - https:\/\/yoast.com\/product\/yoast-seo-wordpress\/ -->\n<title>Applied technologies - Bodva Industry and Innovation Cluster<\/title>\n<meta name=\"robots\" content=\"index, follow, max-snippet:-1, max-image-preview:large, max-video-preview:-1\" \/>\n<link rel=\"canonical\" href=\"https:\/\/www.biic.sk\/?page_id=22\" \/>\n<meta property=\"og:locale\" content=\"sk_SK\" \/>\n<meta property=\"og:type\" content=\"article\" \/>\n<meta property=\"og:title\" content=\"Applied technologies - Bodva Industry and Innovation Cluster\" \/>\n<meta property=\"og:description\" content=\"1. Advance technology for making actuator S-30 and S-40 using aluminium composites 2. Hot and cold severe plastic deformations (ECAP and ECAR) 3. Trochoidal piston of Wankel motor: Replacement of stainless steel by Al alloy composites 4. Antifriction inserts to gearbox: Replacement of sliding bearings\" \/>\n<meta property=\"og:url\" content=\"https:\/\/www.biic.sk\/?page_id=22\" \/>\n<meta property=\"og:site_name\" content=\"Bodva Industry and Innovation Cluster\" \/>\n<meta property=\"article:modified_time\" content=\"2023-01-25T13:36:25+00:00\" \/>\n<meta property=\"og:image\" content=\"https:\/\/www.biic.sk\/wp-content\/uploads\/2023\/01\/Digital-Transformation-Image-1-300x212-1.jpg\" \/>\n<meta name=\"twitter:card\" content=\"summary_large_image\" \/>\n<meta name=\"twitter:label1\" content=\"Predpokladan\u00fd \u010das \u010d\u00edtania\" \/>\n\t<meta name=\"twitter:data1\" content=\"1 min\u00fata\" \/>\n<script type=\"application\/ld+json\" class=\"yoast-schema-graph\">{\"@context\":\"https:\\\/\\\/schema.org\",\"@graph\":[{\"@type\":\"WebPage\",\"@id\":\"https:\\\/\\\/www.biic.sk\\\/?page_id=22\",\"url\":\"https:\\\/\\\/www.biic.sk\\\/?page_id=22\",\"name\":\"Applied technologies - Bodva Industry and Innovation Cluster\",\"isPartOf\":{\"@id\":\"https:\\\/\\\/www.biic.sk\\\/#website\"},\"primaryImageOfPage\":{\"@id\":\"https:\\\/\\\/www.biic.sk\\\/?page_id=22#primaryimage\"},\"image\":{\"@id\":\"https:\\\/\\\/www.biic.sk\\\/?page_id=22#primaryimage\"},\"thumbnailUrl\":\"https:\\\/\\\/www.biic.sk\\\/wp-content\\\/uploads\\\/2023\\\/01\\\/Digital-Transformation-Image-1-300x212-1.jpg\",\"datePublished\":\"2023-01-25T09:25:23+00:00\",\"dateModified\":\"2023-01-25T13:36:25+00:00\",\"breadcrumb\":{\"@id\":\"https:\\\/\\\/www.biic.sk\\\/?page_id=22#breadcrumb\"},\"inLanguage\":\"sk-SK\",\"potentialAction\":[{\"@type\":\"ReadAction\",\"target\":[\"https:\\\/\\\/www.biic.sk\\\/?page_id=22\"]}]},{\"@type\":\"ImageObject\",\"inLanguage\":\"sk-SK\",\"@id\":\"https:\\\/\\\/www.biic.sk\\\/?page_id=22#primaryimage\",\"url\":\"https:\\\/\\\/www.biic.sk\\\/wp-content\\\/uploads\\\/2023\\\/01\\\/Digital-Transformation-Image-1-300x212-1.jpg\",\"contentUrl\":\"https:\\\/\\\/www.biic.sk\\\/wp-content\\\/uploads\\\/2023\\\/01\\\/Digital-Transformation-Image-1-300x212-1.jpg\",\"width\":300,\"height\":212},{\"@type\":\"BreadcrumbList\",\"@id\":\"https:\\\/\\\/www.biic.sk\\\/?page_id=22#breadcrumb\",\"itemListElement\":[{\"@type\":\"ListItem\",\"position\":1,\"name\":\"Home\",\"item\":\"https:\\\/\\\/www.biic.sk\\\/\"},{\"@type\":\"ListItem\",\"position\":2,\"name\":\"Applied technologies\"}]},{\"@type\":\"WebSite\",\"@id\":\"https:\\\/\\\/www.biic.sk\\\/#website\",\"url\":\"https:\\\/\\\/www.biic.sk\\\/\",\"name\":\"Bodva Industry and Innovation Cluster\",\"description\":\"Bodva Industry and Innovation Cluster\",\"publisher\":{\"@id\":\"https:\\\/\\\/www.biic.sk\\\/#organization\"},\"potentialAction\":[{\"@type\":\"SearchAction\",\"target\":{\"@type\":\"EntryPoint\",\"urlTemplate\":\"https:\\\/\\\/www.biic.sk\\\/?s={search_term_string}\"},\"query-input\":{\"@type\":\"PropertyValueSpecification\",\"valueRequired\":true,\"valueName\":\"search_term_string\"}}],\"inLanguage\":\"sk-SK\"},{\"@type\":\"Organization\",\"@id\":\"https:\\\/\\\/www.biic.sk\\\/#organization\",\"name\":\"Bodva Industry and Innovation Cluster\",\"url\":\"https:\\\/\\\/www.biic.sk\\\/\",\"logo\":{\"@type\":\"ImageObject\",\"inLanguage\":\"sk-SK\",\"@id\":\"https:\\\/\\\/www.biic.sk\\\/#\\\/schema\\\/logo\\\/image\\\/\",\"url\":\"https:\\\/\\\/www.biic.sk\\\/wp-content\\\/uploads\\\/2023\\\/01\\\/cropped-logo2.jpg\",\"contentUrl\":\"https:\\\/\\\/www.biic.sk\\\/wp-content\\\/uploads\\\/2023\\\/01\\\/cropped-logo2.jpg\",\"width\":240,\"height\":117,\"caption\":\"Bodva Industry and Innovation Cluster\"},\"image\":{\"@id\":\"https:\\\/\\\/www.biic.sk\\\/#\\\/schema\\\/logo\\\/image\\\/\"}}]}<\/script>\n<!-- \/ Yoast SEO plugin. -->","yoast_head_json":{"title":"Applied technologies - Bodva Industry and Innovation Cluster","robots":{"index":"index","follow":"follow","max-snippet":"max-snippet:-1","max-image-preview":"max-image-preview:large","max-video-preview":"max-video-preview:-1"},"canonical":"https:\/\/www.biic.sk\/?page_id=22","og_locale":"sk_SK","og_type":"article","og_title":"Applied technologies - Bodva Industry and Innovation Cluster","og_description":"1. Advance technology for making actuator S-30 and S-40 using aluminium composites 2. Hot and cold severe plastic deformations (ECAP and ECAR) 3. Trochoidal piston of Wankel motor: Replacement of stainless steel by Al alloy composites 4. Antifriction inserts to gearbox: Replacement of sliding bearings","og_url":"https:\/\/www.biic.sk\/?page_id=22","og_site_name":"Bodva Industry and Innovation Cluster","article_modified_time":"2023-01-25T13:36:25+00:00","og_image":[{"url":"https:\/\/www.biic.sk\/wp-content\/uploads\/2023\/01\/Digital-Transformation-Image-1-300x212-1.jpg","type":"","width":"","height":""}],"twitter_card":"summary_large_image","twitter_misc":{"Predpokladan\u00fd \u010das \u010d\u00edtania":"1 min\u00fata"},"schema":{"@context":"https:\/\/schema.org","@graph":[{"@type":"WebPage","@id":"https:\/\/www.biic.sk\/?page_id=22","url":"https:\/\/www.biic.sk\/?page_id=22","name":"Applied technologies - Bodva Industry and Innovation Cluster","isPartOf":{"@id":"https:\/\/www.biic.sk\/#website"},"primaryImageOfPage":{"@id":"https:\/\/www.biic.sk\/?page_id=22#primaryimage"},"image":{"@id":"https:\/\/www.biic.sk\/?page_id=22#primaryimage"},"thumbnailUrl":"https:\/\/www.biic.sk\/wp-content\/uploads\/2023\/01\/Digital-Transformation-Image-1-300x212-1.jpg","datePublished":"2023-01-25T09:25:23+00:00","dateModified":"2023-01-25T13:36:25+00:00","breadcrumb":{"@id":"https:\/\/www.biic.sk\/?page_id=22#breadcrumb"},"inLanguage":"sk-SK","potentialAction":[{"@type":"ReadAction","target":["https:\/\/www.biic.sk\/?page_id=22"]}]},{"@type":"ImageObject","inLanguage":"sk-SK","@id":"https:\/\/www.biic.sk\/?page_id=22#primaryimage","url":"https:\/\/www.biic.sk\/wp-content\/uploads\/2023\/01\/Digital-Transformation-Image-1-300x212-1.jpg","contentUrl":"https:\/\/www.biic.sk\/wp-content\/uploads\/2023\/01\/Digital-Transformation-Image-1-300x212-1.jpg","width":300,"height":212},{"@type":"BreadcrumbList","@id":"https:\/\/www.biic.sk\/?page_id=22#breadcrumb","itemListElement":[{"@type":"ListItem","position":1,"name":"Home","item":"https:\/\/www.biic.sk\/"},{"@type":"ListItem","position":2,"name":"Applied technologies"}]},{"@type":"WebSite","@id":"https:\/\/www.biic.sk\/#website","url":"https:\/\/www.biic.sk\/","name":"Bodva Industry and Innovation Cluster","description":"Bodva Industry and Innovation Cluster","publisher":{"@id":"https:\/\/www.biic.sk\/#organization"},"potentialAction":[{"@type":"SearchAction","target":{"@type":"EntryPoint","urlTemplate":"https:\/\/www.biic.sk\/?s={search_term_string}"},"query-input":{"@type":"PropertyValueSpecification","valueRequired":true,"valueName":"search_term_string"}}],"inLanguage":"sk-SK"},{"@type":"Organization","@id":"https:\/\/www.biic.sk\/#organization","name":"Bodva Industry and Innovation Cluster","url":"https:\/\/www.biic.sk\/","logo":{"@type":"ImageObject","inLanguage":"sk-SK","@id":"https:\/\/www.biic.sk\/#\/schema\/logo\/image\/","url":"https:\/\/www.biic.sk\/wp-content\/uploads\/2023\/01\/cropped-logo2.jpg","contentUrl":"https:\/\/www.biic.sk\/wp-content\/uploads\/2023\/01\/cropped-logo2.jpg","width":240,"height":117,"caption":"Bodva Industry and Innovation Cluster"},"image":{"@id":"https:\/\/www.biic.sk\/#\/schema\/logo\/image\/"}}]}},"_links":{"self":[{"href":"https:\/\/www.biic.sk\/index.php?rest_route=\/wp\/v2\/pages\/22","targetHints":{"allow":["GET"]}}],"collection":[{"href":"https:\/\/www.biic.sk\/index.php?rest_route=\/wp\/v2\/pages"}],"about":[{"href":"https:\/\/www.biic.sk\/index.php?rest_route=\/wp\/v2\/types\/page"}],"author":[{"embeddable":true,"href":"https:\/\/www.biic.sk\/index.php?rest_route=\/wp\/v2\/users\/1"}],"replies":[{"embeddable":true,"href":"https:\/\/www.biic.sk\/index.php?rest_route=%2Fwp%2Fv2%2Fcomments&post=22"}],"version-history":[{"count":6,"href":"https:\/\/www.biic.sk\/index.php?rest_route=\/wp\/v2\/pages\/22\/revisions"}],"predecessor-version":[{"id":138,"href":"https:\/\/www.biic.sk\/index.php?rest_route=\/wp\/v2\/pages\/22\/revisions\/138"}],"wp:attachment":[{"href":"https:\/\/www.biic.sk\/index.php?rest_route=%2Fwp%2Fv2%2Fmedia&parent=22"}],"curies":[{"name":"wp","href":"https:\/\/api.w.org\/{rel}","templated":true}]}}