{"id":174,"date":"2023-02-27T16:47:05","date_gmt":"2023-02-27T15:47:05","guid":{"rendered":"https:\/\/www.biic.sk\/?page_id=174"},"modified":"2023-02-27T16:48:05","modified_gmt":"2023-02-27T15:48:05","slug":"publications-2","status":"publish","type":"page","link":"https:\/\/www.biic.sk\/?page_id=174","title":{"rendered":"Publications"},"content":{"rendered":"\n<h3 class=\"wp-block-heading\">Journals<\/h3>\n\n\n\n<p>Acta Metallurgica Slovaca (<strong>ISSN<\/strong> <strong>1338-1156<\/strong>) &#8211; link: <a href=\"https:\/\/journal-ams.org\/\">https:\/\/journal-ams.org\/<\/a><\/p>\n\n\n\n<h3 class=\"wp-block-heading\">Scientific articles<\/h3>\n\n\n\n<p>Spi\u0161\u00e1k E, Majern\u00edkov\u00e1 J, Ka\u0161\u010d\u00e1k \u013d, Mulidr\u00e1n P, Roha\u013e V, Bidulsk\u00fd R. Experimental and Numerical Thickness Analysis of TRIP Steel under Various Degrees of Deformation in Bulge Test. <strong>Materials<\/strong>. 2022; 15(6):2299. <a href=\"https:\/\/doi.org\/10.3390\/ma15062299\">https:\/\/doi.org\/10.3390\/ma15062299<\/a><\/p>\n\n\n\n<hr class=\"wp-block-separator has-alpha-channel-opacity\"\/>\n\n\n\n<p>R. Bidulsk\u00fd, P. Petrou\u0161ek, J. Bidulsk\u00e1, R. Hud\u00e1k, J. \u017div\u010d\u00e1k, M. Actis Grande: Porosity Quantification of Additive Manufactured Ti6AL4V and CoCrW Alloys Produced by L-PBF. Arch. Metall. Mater. 67 (2022), 1, 83-89. <a href=\"https:\/\/doi.org\/10.24425\/amm.2022.137475\">https:\/\/doi.org\/10.24425\/amm.2022.137475<\/a><\/p>\n\n\n\n<hr class=\"wp-block-separator has-alpha-channel-opacity\"\/>\n\n\n\n<p>Fracchia E, Bidulsk\u00e1 J, Bidulsk\u00fd R, Actis Grande M. MIG and TIG Joining of AA1070 Aluminium Sheets with Different Surface Preparations. Materials. 2022; 15(2):412. <a href=\"https:\/\/doi.org\/10.3390\/ma15020412\">https:\/\/doi.org\/10.3390\/ma15020412<\/a><\/p>\n\n\n\n<hr class=\"wp-block-separator has-alpha-channel-opacity\"\/>\n\n\n\n<p>Bidulsky R, Gobber FS, Bidulska J, Ceroni M, Kvackaj T, Grande MA. Coated Metal Powders for Laser Powder Bed Fusion (L-PBF) Processing: A Review. Metals. 2021; 11(11):1831. <a href=\"https:\/\/doi.org\/10.3390\/met11111831\">https:\/\/doi.org\/10.3390\/met11111831<\/a><\/p>\n\n\n\n<hr class=\"wp-block-separator has-alpha-channel-opacity\"\/>\n\n\n\n<p>Po\u0161kovi\u0107 E, Franchini F, Ferraris L, Fracchia E, Bidulska J, Carosio F, Bidulsky R, Actis Grande M. Recent Advances in Multi-Functional Coatings for Soft Magnetic Composites. Materials. 2021; 14(22):6844. <a href=\"https:\/\/doi.org\/10.3390\/ma14226844\">https:\/\/doi.org\/10.3390\/ma14226844<\/a><\/p>\n\n\n\n<hr class=\"wp-block-separator has-alpha-channel-opacity\"\/>\n\n\n\n<p>Gobber FS, Bidulsk\u00e1 J, Fais A, Bidulsk\u00fd R, Grande MA. Innovative Densification Process of a Fe-Cr-C Powder Metallurgy Steel. Metals. 2021; 11(4):665. <a href=\"https:\/\/doi.org\/10.3390\/met11040665\">https:\/\/doi.org\/10.3390\/met11040665<\/a><\/p>\n\n\n\n<hr class=\"wp-block-separator has-alpha-channel-opacity\"\/>\n\n\n\n<p>Kvackaj T, Bidulsk\u00e1 J, Bidulsk\u00fd R. Overview of HSS Steel Grades Development and Study of Reheating Condition Effects on Austenite Grain Size Changes. Materials. 2021; 14(8):1988. <a href=\"https:\/\/doi.org\/10.3390\/ma14081988\">https:\/\/doi.org\/10.3390\/ma14081988<\/a><\/p>\n\n\n\n<h3 class=\"wp-block-heading\">Books<\/h3>\n\n\n\n<p>R\u00f3bert Bidulsk\u00fd, Jana Bidulsk\u00e1. Kovov\u00e9 pr\u00e1\u0161ky. 1. vyd. SciCell s.r.o., 2023. 112 s. eISBN 978-80-974496-0-5. DOI: <a href=\"https:\/\/doi.org\/10.36547\/scicell.2023.sm.0001\">https:\/\/doi.org\/10.36547\/scicell.2023.sm.0001<\/a><\/p>\n","protected":false},"excerpt":{"rendered":"<p>Journals Acta Metallurgica Slovaca (ISSN 1338-1156) &#8211; link: https:\/\/journal-ams.org\/ Scientific articles Spi\u0161\u00e1k E, Majern\u00edkov\u00e1 J, Ka\u0161\u010d\u00e1k \u013d, Mulidr\u00e1n P, Roha\u013e V, Bidulsk\u00fd R. Experimental and Numerical Thickness Analysis of TRIP Steel under Various Degrees of Deformation in Bulge Test. Materials. 2022; 15(6):2299. https:\/\/doi.org\/10.3390\/ma15062299 R. Bidulsk\u00fd, P. Petrou\u0161ek, J. Bidulsk\u00e1, R. Hud\u00e1k, J. \u017div\u010d\u00e1k, M. Actis&hellip; <br \/> <a class=\"read-more\" href=\"https:\/\/www.biic.sk\/?page_id=174\">Read more<\/a><\/p>\n","protected":false},"author":1,"featured_media":0,"parent":0,"menu_order":0,"comment_status":"closed","ping_status":"closed","template":"","meta":{"_monsterinsights_skip_tracking":false,"_monsterinsights_sitenote_active":false,"_monsterinsights_sitenote_note":"","_monsterinsights_sitenote_category":0,"footnotes":""},"class_list":["post-174","page","type-page","status-publish","hentry"],"yoast_head":"<!-- This site is optimized with the Yoast SEO plugin v27.4 - https:\/\/yoast.com\/product\/yoast-seo-wordpress\/ -->\n<title>Publications - Bodva Industry and Innovation Cluster<\/title>\n<meta name=\"robots\" content=\"index, follow, max-snippet:-1, max-image-preview:large, max-video-preview:-1\" \/>\n<link rel=\"canonical\" href=\"https:\/\/www.biic.sk\/?page_id=174\" \/>\n<meta property=\"og:locale\" content=\"sk_SK\" \/>\n<meta property=\"og:type\" content=\"article\" \/>\n<meta property=\"og:title\" content=\"Publications - Bodva Industry and Innovation Cluster\" \/>\n<meta property=\"og:description\" content=\"Journals Acta Metallurgica Slovaca (ISSN 1338-1156) &#8211; link: https:\/\/journal-ams.org\/ Scientific articles Spi\u0161\u00e1k E, Majern\u00edkov\u00e1 J, Ka\u0161\u010d\u00e1k \u013d, Mulidr\u00e1n P, Roha\u013e V, Bidulsk\u00fd R. Experimental and Numerical Thickness Analysis of TRIP Steel under Various Degrees of Deformation in Bulge Test. Materials. 2022; 15(6):2299. https:\/\/doi.org\/10.3390\/ma15062299 R. Bidulsk\u00fd, P. Petrou\u0161ek, J. Bidulsk\u00e1, R. Hud\u00e1k, J. \u017div\u010d\u00e1k, M. Actis&hellip; Read more\" \/>\n<meta property=\"og:url\" content=\"https:\/\/www.biic.sk\/?page_id=174\" \/>\n<meta property=\"og:site_name\" content=\"Bodva Industry and Innovation Cluster\" \/>\n<meta property=\"article:modified_time\" content=\"2023-02-27T15:48:05+00:00\" \/>\n<meta name=\"twitter:card\" content=\"summary_large_image\" \/>\n<meta name=\"twitter:label1\" content=\"Predpokladan\u00fd \u010das \u010d\u00edtania\" \/>\n\t<meta name=\"twitter:data1\" content=\"2 min\u00faty\" \/>\n<script type=\"application\/ld+json\" class=\"yoast-schema-graph\">{\"@context\":\"https:\\\/\\\/schema.org\",\"@graph\":[{\"@type\":\"WebPage\",\"@id\":\"https:\\\/\\\/www.biic.sk\\\/?page_id=174\",\"url\":\"https:\\\/\\\/www.biic.sk\\\/?page_id=174\",\"name\":\"Publications - Bodva Industry and Innovation Cluster\",\"isPartOf\":{\"@id\":\"https:\\\/\\\/www.biic.sk\\\/#website\"},\"datePublished\":\"2023-02-27T15:47:05+00:00\",\"dateModified\":\"2023-02-27T15:48:05+00:00\",\"breadcrumb\":{\"@id\":\"https:\\\/\\\/www.biic.sk\\\/?page_id=174#breadcrumb\"},\"inLanguage\":\"sk-SK\",\"potentialAction\":[{\"@type\":\"ReadAction\",\"target\":[\"https:\\\/\\\/www.biic.sk\\\/?page_id=174\"]}]},{\"@type\":\"BreadcrumbList\",\"@id\":\"https:\\\/\\\/www.biic.sk\\\/?page_id=174#breadcrumb\",\"itemListElement\":[{\"@type\":\"ListItem\",\"position\":1,\"name\":\"Home\",\"item\":\"https:\\\/\\\/www.biic.sk\\\/\"},{\"@type\":\"ListItem\",\"position\":2,\"name\":\"Publications\"}]},{\"@type\":\"WebSite\",\"@id\":\"https:\\\/\\\/www.biic.sk\\\/#website\",\"url\":\"https:\\\/\\\/www.biic.sk\\\/\",\"name\":\"Bodva Industry and Innovation Cluster\",\"description\":\"Bodva Industry and Innovation Cluster\",\"publisher\":{\"@id\":\"https:\\\/\\\/www.biic.sk\\\/#organization\"},\"potentialAction\":[{\"@type\":\"SearchAction\",\"target\":{\"@type\":\"EntryPoint\",\"urlTemplate\":\"https:\\\/\\\/www.biic.sk\\\/?s={search_term_string}\"},\"query-input\":{\"@type\":\"PropertyValueSpecification\",\"valueRequired\":true,\"valueName\":\"search_term_string\"}}],\"inLanguage\":\"sk-SK\"},{\"@type\":\"Organization\",\"@id\":\"https:\\\/\\\/www.biic.sk\\\/#organization\",\"name\":\"Bodva Industry and Innovation Cluster\",\"url\":\"https:\\\/\\\/www.biic.sk\\\/\",\"logo\":{\"@type\":\"ImageObject\",\"inLanguage\":\"sk-SK\",\"@id\":\"https:\\\/\\\/www.biic.sk\\\/#\\\/schema\\\/logo\\\/image\\\/\",\"url\":\"https:\\\/\\\/www.biic.sk\\\/wp-content\\\/uploads\\\/2023\\\/01\\\/cropped-logo2.jpg\",\"contentUrl\":\"https:\\\/\\\/www.biic.sk\\\/wp-content\\\/uploads\\\/2023\\\/01\\\/cropped-logo2.jpg\",\"width\":240,\"height\":117,\"caption\":\"Bodva Industry and Innovation Cluster\"},\"image\":{\"@id\":\"https:\\\/\\\/www.biic.sk\\\/#\\\/schema\\\/logo\\\/image\\\/\"}}]}<\/script>\n<!-- \/ Yoast SEO plugin. -->","yoast_head_json":{"title":"Publications - Bodva Industry and Innovation Cluster","robots":{"index":"index","follow":"follow","max-snippet":"max-snippet:-1","max-image-preview":"max-image-preview:large","max-video-preview":"max-video-preview:-1"},"canonical":"https:\/\/www.biic.sk\/?page_id=174","og_locale":"sk_SK","og_type":"article","og_title":"Publications - Bodva Industry and Innovation Cluster","og_description":"Journals Acta Metallurgica Slovaca (ISSN 1338-1156) &#8211; link: https:\/\/journal-ams.org\/ Scientific articles Spi\u0161\u00e1k E, Majern\u00edkov\u00e1 J, Ka\u0161\u010d\u00e1k \u013d, Mulidr\u00e1n P, Roha\u013e V, Bidulsk\u00fd R. Experimental and Numerical Thickness Analysis of TRIP Steel under Various Degrees of Deformation in Bulge Test. Materials. 2022; 15(6):2299. https:\/\/doi.org\/10.3390\/ma15062299 R. Bidulsk\u00fd, P. Petrou\u0161ek, J. Bidulsk\u00e1, R. Hud\u00e1k, J. \u017div\u010d\u00e1k, M. Actis&hellip; Read more","og_url":"https:\/\/www.biic.sk\/?page_id=174","og_site_name":"Bodva Industry and Innovation Cluster","article_modified_time":"2023-02-27T15:48:05+00:00","twitter_card":"summary_large_image","twitter_misc":{"Predpokladan\u00fd \u010das \u010d\u00edtania":"2 min\u00faty"},"schema":{"@context":"https:\/\/schema.org","@graph":[{"@type":"WebPage","@id":"https:\/\/www.biic.sk\/?page_id=174","url":"https:\/\/www.biic.sk\/?page_id=174","name":"Publications - Bodva Industry and Innovation Cluster","isPartOf":{"@id":"https:\/\/www.biic.sk\/#website"},"datePublished":"2023-02-27T15:47:05+00:00","dateModified":"2023-02-27T15:48:05+00:00","breadcrumb":{"@id":"https:\/\/www.biic.sk\/?page_id=174#breadcrumb"},"inLanguage":"sk-SK","potentialAction":[{"@type":"ReadAction","target":["https:\/\/www.biic.sk\/?page_id=174"]}]},{"@type":"BreadcrumbList","@id":"https:\/\/www.biic.sk\/?page_id=174#breadcrumb","itemListElement":[{"@type":"ListItem","position":1,"name":"Home","item":"https:\/\/www.biic.sk\/"},{"@type":"ListItem","position":2,"name":"Publications"}]},{"@type":"WebSite","@id":"https:\/\/www.biic.sk\/#website","url":"https:\/\/www.biic.sk\/","name":"Bodva Industry and Innovation Cluster","description":"Bodva Industry and Innovation Cluster","publisher":{"@id":"https:\/\/www.biic.sk\/#organization"},"potentialAction":[{"@type":"SearchAction","target":{"@type":"EntryPoint","urlTemplate":"https:\/\/www.biic.sk\/?s={search_term_string}"},"query-input":{"@type":"PropertyValueSpecification","valueRequired":true,"valueName":"search_term_string"}}],"inLanguage":"sk-SK"},{"@type":"Organization","@id":"https:\/\/www.biic.sk\/#organization","name":"Bodva Industry and Innovation Cluster","url":"https:\/\/www.biic.sk\/","logo":{"@type":"ImageObject","inLanguage":"sk-SK","@id":"https:\/\/www.biic.sk\/#\/schema\/logo\/image\/","url":"https:\/\/www.biic.sk\/wp-content\/uploads\/2023\/01\/cropped-logo2.jpg","contentUrl":"https:\/\/www.biic.sk\/wp-content\/uploads\/2023\/01\/cropped-logo2.jpg","width":240,"height":117,"caption":"Bodva Industry and Innovation Cluster"},"image":{"@id":"https:\/\/www.biic.sk\/#\/schema\/logo\/image\/"}}]}},"_links":{"self":[{"href":"https:\/\/www.biic.sk\/index.php?rest_route=\/wp\/v2\/pages\/174","targetHints":{"allow":["GET"]}}],"collection":[{"href":"https:\/\/www.biic.sk\/index.php?rest_route=\/wp\/v2\/pages"}],"about":[{"href":"https:\/\/www.biic.sk\/index.php?rest_route=\/wp\/v2\/types\/page"}],"author":[{"embeddable":true,"href":"https:\/\/www.biic.sk\/index.php?rest_route=\/wp\/v2\/users\/1"}],"replies":[{"embeddable":true,"href":"https:\/\/www.biic.sk\/index.php?rest_route=%2Fwp%2Fv2%2Fcomments&post=174"}],"version-history":[{"count":4,"href":"https:\/\/www.biic.sk\/index.php?rest_route=\/wp\/v2\/pages\/174\/revisions"}],"predecessor-version":[{"id":179,"href":"https:\/\/www.biic.sk\/index.php?rest_route=\/wp\/v2\/pages\/174\/revisions\/179"}],"wp:attachment":[{"href":"https:\/\/www.biic.sk\/index.php?rest_route=%2Fwp%2Fv2%2Fmedia&parent=174"}],"curies":[{"name":"wp","href":"https:\/\/api.w.org\/{rel}","templated":true}]}}