{"id":142,"date":"2023-01-25T14:49:05","date_gmt":"2023-01-25T13:49:05","guid":{"rendered":"https:\/\/www.biic.sk\/?page_id=142"},"modified":"2023-02-13T09:57:20","modified_gmt":"2023-02-13T08:57:20","slug":"contacts","status":"publish","type":"page","link":"https:\/\/www.biic.sk\/?page_id=142","title":{"rendered":"Contacts"},"content":{"rendered":"\n<p>Priemyselno-Inova\u010dn\u00fd klaster <br>Bodva Bodva Industry and Innovation Cluster<br>Budulov 174 04501 Moldava nad Bodvou<\/p>\n\n\n\n<p>Main contact form sent messgae to director@biic.sk<\/p>\n\n\n\n<div class=\"wpcf7 no-js\" id=\"wpcf7-f100-o1\" lang=\"sk-SK\" dir=\"ltr\" data-wpcf7-id=\"100\">\n<div class=\"screen-reader-response\"><p role=\"status\" aria-live=\"polite\" aria-atomic=\"true\"><\/p> <ul><\/ul><\/div>\n<form action=\"\/index.php?rest_route=%2Fwp%2Fv2%2Fpages%2F142#wpcf7-f100-o1\" method=\"post\" class=\"wpcf7-form init\" aria-label=\"Kontaktn\u00fd formul\u00e1r\" novalidate=\"novalidate\" data-status=\"init\">\n<fieldset class=\"hidden-fields-container\"><input type=\"hidden\" name=\"_wpcf7\" value=\"100\" \/><input type=\"hidden\" name=\"_wpcf7_version\" value=\"6.1.5\" \/><input type=\"hidden\" name=\"_wpcf7_locale\" value=\"sk_SK\" \/><input type=\"hidden\" name=\"_wpcf7_unit_tag\" value=\"wpcf7-f100-o1\" \/><input type=\"hidden\" name=\"_wpcf7_container_post\" value=\"0\" \/><input type=\"hidden\" name=\"_wpcf7_posted_data_hash\" value=\"\" \/><input type=\"hidden\" name=\"_wpcf7_recaptcha_response\" value=\"\" \/>\n<\/fieldset>\n<p><label> Your name<br \/>\n<span class=\"wpcf7-form-control-wrap\" data-name=\"your-name\"><input size=\"40\" maxlength=\"400\" class=\"wpcf7-form-control wpcf7-text wpcf7-validates-as-required\" autocomplete=\"name\" aria-required=\"true\" aria-invalid=\"false\" value=\"\" type=\"text\" name=\"your-name\" \/><\/span> <\/label>\n<\/p>\n<p><label> Your email<br \/>\n<span class=\"wpcf7-form-control-wrap\" data-name=\"your-email\"><input size=\"40\" maxlength=\"400\" class=\"wpcf7-form-control wpcf7-email wpcf7-validates-as-required wpcf7-text wpcf7-validates-as-email\" autocomplete=\"email\" aria-required=\"true\" aria-invalid=\"false\" value=\"\" type=\"email\" name=\"your-email\" \/><\/span> <\/label>\n<\/p>\n<p><label> Subject<br \/>\n<span class=\"wpcf7-form-control-wrap\" data-name=\"your-subject\"><input size=\"40\" maxlength=\"400\" class=\"wpcf7-form-control wpcf7-text wpcf7-validates-as-required\" aria-required=\"true\" aria-invalid=\"false\" value=\"\" type=\"text\" name=\"your-subject\" \/><\/span> <\/label>\n<\/p>\n<p><label> Your message (volite\u013en\u00e9)<br \/>\n<span class=\"wpcf7-form-control-wrap\" data-name=\"your-message\"><textarea cols=\"40\" rows=\"10\" maxlength=\"2000\" class=\"wpcf7-form-control wpcf7-textarea\" aria-invalid=\"false\" name=\"your-message\"><\/textarea><\/span> <\/label>\n<\/p>\n<p><input class=\"wpcf7-form-control wpcf7-submit has-spinner\" type=\"submit\" value=\"Sent\" \/>\n<\/p><div class=\"wpcf7-response-output\" aria-hidden=\"true\"><\/div>\n<\/form>\n<\/div>\n\n\n\n\n<p>Other emails:<\/p>\n\n\n\n<p><a href=\"mailto:manager@biic.sk\">manager@biic.sk<\/a><\/p>\n\n\n\n<p><a href=\"mailto:tibor.kvackaj@biic.sk\">tibor.kvackaj@biic.sk<\/a><\/p>\n\n\n\n<p><a href=\"mailto:jana.bidulska@biic.sk\">jana.bidulska@biic.sk<\/a><\/p>\n\n\n\n<p><a href=\"mailto:pavol.mila@biic.sk\">pavol.mila@biic.sk<\/a><\/p>\n","protected":false},"excerpt":{"rendered":"<p>Priemyselno-Inova\u010dn\u00fd klaster Bodva Bodva Industry and Innovation ClusterBudulov 174 04501 Moldava nad Bodvou Main contact form sent messgae to director@biic.sk Other emails: manager@biic.sk tibor.kvackaj@biic.sk jana.bidulska@biic.sk pavol.mila@biic.sk<\/p>\n","protected":false},"author":1,"featured_media":0,"parent":0,"menu_order":0,"comment_status":"closed","ping_status":"closed","template":"","meta":{"_monsterinsights_skip_tracking":false,"_monsterinsights_sitenote_active":false,"_monsterinsights_sitenote_note":"","_monsterinsights_sitenote_category":0,"footnotes":""},"class_list":["post-142","page","type-page","status-publish","hentry"],"yoast_head":"<!-- This site is optimized with the Yoast SEO plugin v27.4 - https:\/\/yoast.com\/product\/yoast-seo-wordpress\/ -->\n<title>Contacts - Bodva Industry and Innovation Cluster<\/title>\n<meta name=\"robots\" content=\"index, follow, max-snippet:-1, max-image-preview:large, max-video-preview:-1\" \/>\n<link rel=\"canonical\" href=\"https:\/\/www.biic.sk\/?page_id=142\" \/>\n<meta property=\"og:locale\" content=\"sk_SK\" \/>\n<meta property=\"og:type\" content=\"article\" \/>\n<meta property=\"og:title\" content=\"Contacts - Bodva Industry and Innovation Cluster\" \/>\n<meta property=\"og:description\" content=\"Priemyselno-Inova\u010dn\u00fd klaster Bodva Bodva Industry and Innovation ClusterBudulov 174 04501 Moldava nad Bodvou Main contact form sent messgae to director@biic.sk Other emails: manager@biic.sk tibor.kvackaj@biic.sk jana.bidulska@biic.sk pavol.mila@biic.sk\" \/>\n<meta property=\"og:url\" content=\"https:\/\/www.biic.sk\/?page_id=142\" \/>\n<meta property=\"og:site_name\" content=\"Bodva Industry and Innovation Cluster\" \/>\n<meta property=\"article:modified_time\" content=\"2023-02-13T08:57:20+00:00\" \/>\n<meta name=\"twitter:card\" content=\"summary_large_image\" \/>\n<meta name=\"twitter:label1\" content=\"Predpokladan\u00fd \u010das \u010d\u00edtania\" \/>\n\t<meta name=\"twitter:data1\" content=\"1 min\u00fata\" \/>\n<script type=\"application\/ld+json\" class=\"yoast-schema-graph\">{\"@context\":\"https:\\\/\\\/schema.org\",\"@graph\":[{\"@type\":\"WebPage\",\"@id\":\"https:\\\/\\\/www.biic.sk\\\/?page_id=142\",\"url\":\"https:\\\/\\\/www.biic.sk\\\/?page_id=142\",\"name\":\"Contacts - Bodva Industry and Innovation Cluster\",\"isPartOf\":{\"@id\":\"https:\\\/\\\/www.biic.sk\\\/#website\"},\"datePublished\":\"2023-01-25T13:49:05+00:00\",\"dateModified\":\"2023-02-13T08:57:20+00:00\",\"breadcrumb\":{\"@id\":\"https:\\\/\\\/www.biic.sk\\\/?page_id=142#breadcrumb\"},\"inLanguage\":\"sk-SK\",\"potentialAction\":[{\"@type\":\"ReadAction\",\"target\":[\"https:\\\/\\\/www.biic.sk\\\/?page_id=142\"]}]},{\"@type\":\"BreadcrumbList\",\"@id\":\"https:\\\/\\\/www.biic.sk\\\/?page_id=142#breadcrumb\",\"itemListElement\":[{\"@type\":\"ListItem\",\"position\":1,\"name\":\"Home\",\"item\":\"https:\\\/\\\/www.biic.sk\\\/\"},{\"@type\":\"ListItem\",\"position\":2,\"name\":\"Contacts\"}]},{\"@type\":\"WebSite\",\"@id\":\"https:\\\/\\\/www.biic.sk\\\/#website\",\"url\":\"https:\\\/\\\/www.biic.sk\\\/\",\"name\":\"Bodva Industry and Innovation Cluster\",\"description\":\"Bodva Industry and Innovation Cluster\",\"publisher\":{\"@id\":\"https:\\\/\\\/www.biic.sk\\\/#organization\"},\"potentialAction\":[{\"@type\":\"SearchAction\",\"target\":{\"@type\":\"EntryPoint\",\"urlTemplate\":\"https:\\\/\\\/www.biic.sk\\\/?s={search_term_string}\"},\"query-input\":{\"@type\":\"PropertyValueSpecification\",\"valueRequired\":true,\"valueName\":\"search_term_string\"}}],\"inLanguage\":\"sk-SK\"},{\"@type\":\"Organization\",\"@id\":\"https:\\\/\\\/www.biic.sk\\\/#organization\",\"name\":\"Bodva Industry and Innovation Cluster\",\"url\":\"https:\\\/\\\/www.biic.sk\\\/\",\"logo\":{\"@type\":\"ImageObject\",\"inLanguage\":\"sk-SK\",\"@id\":\"https:\\\/\\\/www.biic.sk\\\/#\\\/schema\\\/logo\\\/image\\\/\",\"url\":\"https:\\\/\\\/www.biic.sk\\\/wp-content\\\/uploads\\\/2023\\\/01\\\/cropped-logo2.jpg\",\"contentUrl\":\"https:\\\/\\\/www.biic.sk\\\/wp-content\\\/uploads\\\/2023\\\/01\\\/cropped-logo2.jpg\",\"width\":240,\"height\":117,\"caption\":\"Bodva Industry and Innovation Cluster\"},\"image\":{\"@id\":\"https:\\\/\\\/www.biic.sk\\\/#\\\/schema\\\/logo\\\/image\\\/\"}}]}<\/script>\n<!-- \/ Yoast SEO plugin. -->","yoast_head_json":{"title":"Contacts - Bodva Industry and Innovation Cluster","robots":{"index":"index","follow":"follow","max-snippet":"max-snippet:-1","max-image-preview":"max-image-preview:large","max-video-preview":"max-video-preview:-1"},"canonical":"https:\/\/www.biic.sk\/?page_id=142","og_locale":"sk_SK","og_type":"article","og_title":"Contacts - Bodva Industry and Innovation Cluster","og_description":"Priemyselno-Inova\u010dn\u00fd klaster Bodva Bodva Industry and Innovation ClusterBudulov 174 04501 Moldava nad Bodvou Main contact form sent messgae to director@biic.sk Other emails: manager@biic.sk tibor.kvackaj@biic.sk jana.bidulska@biic.sk pavol.mila@biic.sk","og_url":"https:\/\/www.biic.sk\/?page_id=142","og_site_name":"Bodva Industry and Innovation Cluster","article_modified_time":"2023-02-13T08:57:20+00:00","twitter_card":"summary_large_image","twitter_misc":{"Predpokladan\u00fd \u010das \u010d\u00edtania":"1 min\u00fata"},"schema":{"@context":"https:\/\/schema.org","@graph":[{"@type":"WebPage","@id":"https:\/\/www.biic.sk\/?page_id=142","url":"https:\/\/www.biic.sk\/?page_id=142","name":"Contacts - Bodva Industry and Innovation Cluster","isPartOf":{"@id":"https:\/\/www.biic.sk\/#website"},"datePublished":"2023-01-25T13:49:05+00:00","dateModified":"2023-02-13T08:57:20+00:00","breadcrumb":{"@id":"https:\/\/www.biic.sk\/?page_id=142#breadcrumb"},"inLanguage":"sk-SK","potentialAction":[{"@type":"ReadAction","target":["https:\/\/www.biic.sk\/?page_id=142"]}]},{"@type":"BreadcrumbList","@id":"https:\/\/www.biic.sk\/?page_id=142#breadcrumb","itemListElement":[{"@type":"ListItem","position":1,"name":"Home","item":"https:\/\/www.biic.sk\/"},{"@type":"ListItem","position":2,"name":"Contacts"}]},{"@type":"WebSite","@id":"https:\/\/www.biic.sk\/#website","url":"https:\/\/www.biic.sk\/","name":"Bodva Industry and Innovation Cluster","description":"Bodva Industry and Innovation Cluster","publisher":{"@id":"https:\/\/www.biic.sk\/#organization"},"potentialAction":[{"@type":"SearchAction","target":{"@type":"EntryPoint","urlTemplate":"https:\/\/www.biic.sk\/?s={search_term_string}"},"query-input":{"@type":"PropertyValueSpecification","valueRequired":true,"valueName":"search_term_string"}}],"inLanguage":"sk-SK"},{"@type":"Organization","@id":"https:\/\/www.biic.sk\/#organization","name":"Bodva Industry and Innovation Cluster","url":"https:\/\/www.biic.sk\/","logo":{"@type":"ImageObject","inLanguage":"sk-SK","@id":"https:\/\/www.biic.sk\/#\/schema\/logo\/image\/","url":"https:\/\/www.biic.sk\/wp-content\/uploads\/2023\/01\/cropped-logo2.jpg","contentUrl":"https:\/\/www.biic.sk\/wp-content\/uploads\/2023\/01\/cropped-logo2.jpg","width":240,"height":117,"caption":"Bodva Industry and Innovation Cluster"},"image":{"@id":"https:\/\/www.biic.sk\/#\/schema\/logo\/image\/"}}]}},"_links":{"self":[{"href":"https:\/\/www.biic.sk\/index.php?rest_route=\/wp\/v2\/pages\/142","targetHints":{"allow":["GET"]}}],"collection":[{"href":"https:\/\/www.biic.sk\/index.php?rest_route=\/wp\/v2\/pages"}],"about":[{"href":"https:\/\/www.biic.sk\/index.php?rest_route=\/wp\/v2\/types\/page"}],"author":[{"embeddable":true,"href":"https:\/\/www.biic.sk\/index.php?rest_route=\/wp\/v2\/users\/1"}],"replies":[{"embeddable":true,"href":"https:\/\/www.biic.sk\/index.php?rest_route=%2Fwp%2Fv2%2Fcomments&post=142"}],"version-history":[{"count":4,"href":"https:\/\/www.biic.sk\/index.php?rest_route=\/wp\/v2\/pages\/142\/revisions"}],"predecessor-version":[{"id":166,"href":"https:\/\/www.biic.sk\/index.php?rest_route=\/wp\/v2\/pages\/142\/revisions\/166"}],"wp:attachment":[{"href":"https:\/\/www.biic.sk\/index.php?rest_route=%2Fwp%2Fv2%2Fmedia&parent=142"}],"curies":[{"name":"wp","href":"https:\/\/api.w.org\/{rel}","templated":true}]}}